{"id":131,"date":"2026-03-13T06:08:18","date_gmt":"2026-03-13T06:08:18","guid":{"rendered":"http:\/\/therapedic-ecommerce-elb-1129349966.us-east-2.elb.amazonaws.com\/nc\/?post_type=product&#038;p=131"},"modified":"2026-04-30T18:24:51","modified_gmt":"2026-04-30T18:24:51","slug":"colchon-immunity-dual-base","status":"publish","type":"product","link":"https:\/\/camastherapedic.com\/nc\/producto\/colchon-immunity-dual-base\/","title":{"rendered":"Colch\u00f3n Immunity Dual-Base"},"content":{"rendered":"","protected":false},"excerpt":{"rendered":"<p><img fetchpriority=\"high\" decoding=\"async\" class=\"aligncenter wp-image-403\" src=\"https:\/\/camastherapedic.com\/wp-content\/uploads\/2024\/03\/THERAPEDIC-DUALSIDE-BENEFICIOS-marzo23.png\" alt=\"\" width=\"450\" height=\"286\" \/><\/p>\n<p style=\"text-align: center\">Reduce las bacterias que causan inflamaci\u00f3n y mantiene los niveles de col\u00e1geno saludable. Este modelo adem\u00e1s posee la tecnolog\u00eda y versatilidad de dos niveles de confort<\/p>\n<p><img decoding=\"async\" class=\"aligncenter wp-image-404\" src=\"https:\/\/camastherapedic.com\/wp-content\/uploads\/2024\/03\/NOMBRE-DUALSIDE-COPPER.png\" alt=\"\" width=\"375\" height=\"92\" \/><\/p>\n<p><img decoding=\"async\" class=\"wp-image-498 aligncenter\" src=\"https:\/\/camastherapedic.com\/wp-content\/uploads\/2024\/03\/Therapedic-confort-dual.png\" alt=\"\" width=\"450\" height=\"96\" \/><\/p>\n<p><img loading=\"lazy\" decoding=\"async\" class=\"size-full wp-image-1346 aligncenter\" src=\"https:\/\/camastherapedic.com\/wp-content\/uploads\/2024\/03\/garantia10-immunity.png\" alt=\"\" width=\"550\" height=\"123\" \/><\/p>\n","protected":false},"featured_media":271,"comment_status":"closed","ping_status":"closed","template":"","meta":[],"product_brand":[],"product_cat":[37],"product_tag":[30,29],"class_list":{"0":"post-131","1":"product","2":"type-product","3":"status-publish","4":"has-post-thumbnail","6":"product_cat-immunity","7":"product_tag-firme","8":"product_tag-suave","10":"first","11":"instock","12":"sale","13":"shipping-taxable","14":"purchasable","15":"product-type-variable","16":"has-default-attributes"},"_links":{"self":[{"href":"https:\/\/camastherapedic.com\/nc\/wp-json\/wp\/v2\/product\/131","targetHints":{"allow":["GET"]}}],"collection":[{"href":"https:\/\/camastherapedic.com\/nc\/wp-json\/wp\/v2\/product"}],"about":[{"href":"https:\/\/camastherapedic.com\/nc\/wp-json\/wp\/v2\/types\/product"}],"replies":[{"embeddable":true,"href":"https:\/\/camastherapedic.com\/nc\/wp-json\/wp\/v2\/comments?post=131"}],"wp:featuredmedia":[{"embeddable":true,"href":"https:\/\/camastherapedic.com\/nc\/wp-json\/wp\/v2\/media\/271"}],"wp:attachment":[{"href":"https:\/\/camastherapedic.com\/nc\/wp-json\/wp\/v2\/media?parent=131"}],"wp:term":[{"taxonomy":"product_brand","embeddable":true,"href":"https:\/\/camastherapedic.com\/nc\/wp-json\/wp\/v2\/product_brand?post=131"},{"taxonomy":"product_cat","embeddable":true,"href":"https:\/\/camastherapedic.com\/nc\/wp-json\/wp\/v2\/product_cat?post=131"},{"taxonomy":"product_tag","embeddable":true,"href":"https:\/\/camastherapedic.com\/nc\/wp-json\/wp\/v2\/product_tag?post=131"}],"curies":[{"name":"wp","href":"https:\/\/api.w.org\/{rel}","templated":true}]}}