{"id":317,"date":"2026-03-10T22:04:42","date_gmt":"2026-03-10T22:04:42","guid":{"rendered":"https:\/\/camastherapedic.com\/nc\/?post_type=product&#038;p=317"},"modified":"2026-03-13T23:12:15","modified_gmt":"2026-03-13T23:12:15","slug":"duo-pack-almohada-cool","status":"publish","type":"product","link":"https:\/\/camastherapedic.com\/nc\/producto\/duo-pack-almohada-cool\/","title":{"rendered":"Duo Pack: Almohada Cool"},"content":{"rendered":"","protected":false},"excerpt":{"rendered":"<p>La almohada Olympia Cool est\u00e1\u00a0<strong>dise\u00f1ada para mantener la frescura<\/strong>\u00a0durante el descanso. Cuenta con una funda de tejido de punto con 45% Cooling Yarn que\u00a0<strong>ayudan a conservar la temperatura baja.<\/strong>\u00a0Su relleno 100% microfibra t<strong>iene la capacidad de absorber de muy buena manera la humedad producida al dormir<\/strong>, por lo que entrega un sue\u00f1o m\u00e1s estable y confortable noche tras noche. Opci\u00f3n ideal para aquellos que son al\u00e9rgicos a la pluma, ya que su relleno de microfibra\u00a0<strong>no produce alguna reacci\u00f3n al\u00e9rgica<\/strong>. Adem\u00e1s,\u00a0<strong>mantiene su forma con el paso del tiempo.<\/strong><\/p>\n<p>Por razones de higiene y seguridad, este producto <strong>no aplica a devoluci\u00f3n ni cambio una vez abierto<\/strong>\u00a0o utilizado.<\/p>\n","protected":false},"featured_media":329,"comment_status":"open","ping_status":"closed","template":"","meta":[],"product_brand":[],"product_cat":[40],"product_tag":[29],"class_list":{"0":"post-317","1":"product","2":"type-product","3":"status-publish","4":"has-post-thumbnail","6":"product_cat-accesorios","7":"product_tag-suave","9":"first","10":"instock","11":"shipping-taxable","12":"purchasable","13":"product-type-variable","14":"has-default-attributes"},"_links":{"self":[{"href":"https:\/\/camastherapedic.com\/nc\/wp-json\/wp\/v2\/product\/317","targetHints":{"allow":["GET"]}}],"collection":[{"href":"https:\/\/camastherapedic.com\/nc\/wp-json\/wp\/v2\/product"}],"about":[{"href":"https:\/\/camastherapedic.com\/nc\/wp-json\/wp\/v2\/types\/product"}],"replies":[{"embeddable":true,"href":"https:\/\/camastherapedic.com\/nc\/wp-json\/wp\/v2\/comments?post=317"}],"wp:featuredmedia":[{"embeddable":true,"href":"https:\/\/camastherapedic.com\/nc\/wp-json\/wp\/v2\/media\/329"}],"wp:attachment":[{"href":"https:\/\/camastherapedic.com\/nc\/wp-json\/wp\/v2\/media?parent=317"}],"wp:term":[{"taxonomy":"product_brand","embeddable":true,"href":"https:\/\/camastherapedic.com\/nc\/wp-json\/wp\/v2\/product_brand?post=317"},{"taxonomy":"product_cat","embeddable":true,"href":"https:\/\/camastherapedic.com\/nc\/wp-json\/wp\/v2\/product_cat?post=317"},{"taxonomy":"product_tag","embeddable":true,"href":"https:\/\/camastherapedic.com\/nc\/wp-json\/wp\/v2\/product_tag?post=317"}],"curies":[{"name":"wp","href":"https:\/\/api.w.org\/{rel}","templated":true}]}}