{"id":319,"date":"2026-03-10T23:01:54","date_gmt":"2026-03-10T23:01:54","guid":{"rendered":"https:\/\/camastherapedic.com\/nc\/?post_type=product&#038;p=319"},"modified":"2026-03-13T23:12:37","modified_gmt":"2026-03-13T23:12:37","slug":"protector-impermeable-de-colchon","status":"publish","type":"product","link":"https:\/\/camastherapedic.com\/nc\/producto\/protector-impermeable-de-colchon\/","title":{"rendered":"Protector Impermeable de Colch\u00f3n"},"content":{"rendered":"","protected":false},"excerpt":{"rendered":"<article class=\"text-token-text-primary w-full focus:outline-none [--shadow-height:45px] has-data-writing-block:pointer-events-none has-data-writing-block:-mt-(--shadow-height) has-data-writing-block:pt-(--shadow-height) [&amp;:has([data-writing-block])&gt;*]:pointer-events-auto scroll-mt-(--header-height)\" dir=\"auto\" tabindex=\"-1\" data-turn-id=\"17abdfdb-3a9a-489d-b13f-00121727e17b\" data-testid=\"conversation-turn-1\" data-scroll-anchor=\"false\" data-turn=\"user\"><\/article>\n<article class=\"text-token-text-primary w-full focus:outline-none [--shadow-height:45px] has-data-writing-block:pointer-events-none has-data-writing-block:-mt-(--shadow-height) has-data-writing-block:pt-(--shadow-height) [&amp;:has([data-writing-block])&gt;*]:pointer-events-auto scroll-mt-[calc(var(--header-height)+min(200px,max(70px,20svh)))]\" dir=\"auto\" tabindex=\"-1\" data-turn-id=\"request-WEB:f1fb80c6-e241-4a7e-8e24-c6964ca70317-0\" data-testid=\"conversation-turn-2\" data-scroll-anchor=\"true\" data-turn=\"assistant\">\n<div class=\"text-base my-auto mx-auto pb-10 [--thread-content-margin:var(--thread-content-margin-xs,calc(var(--spacing)*4))] @w-sm\/main:[--thread-content-margin:var(--thread-content-margin-sm,calc(var(--spacing)*6))] @w-lg\/main:[--thread-content-margin:var(--thread-content-margin-lg,calc(var(--spacing)*16))] px-(--thread-content-margin)\">\n<div class=\"[--thread-content-max-width:40rem] @w-lg\/main:[--thread-content-max-width:48rem] mx-auto max-w-(--thread-content-max-width) flex-1 group\/turn-messages focus-visible:outline-hidden relative flex w-full min-w-0 flex-col agent-turn\" tabindex=\"-1\">\n<div class=\"flex max-w-full flex-col gap-4 grow\">\n<div class=\"min-h-8 text-message relative flex w-full flex-col items-end gap-2 text-start break-words whitespace-normal [.text-message+&amp;]:mt-1\" dir=\"auto\" data-message-author-role=\"assistant\" data-message-id=\"f179b129-e79a-4745-a9ca-b329c977b277\" data-message-model-slug=\"gpt-5-3\">\n<div class=\"flex w-full flex-col gap-1 empty:hidden\">\n<div class=\"markdown prose dark:prose-invert w-full wrap-break-word dark markdown-new-styling\">\n<p data-start=\"0\" data-end=\"506\" data-is-last-node=\"\" data-is-only-node=\"\">Protege tu colch\u00f3n y tu descanso con una cobertura dise\u00f1ada para ofrecer <strong data-start=\"73\" data-end=\"106\">m\u00e1xima protecci\u00f3n y bienestar<\/strong>. Su tecnolog\u00eda <strong data-start=\"122\" data-end=\"137\">impermeable<\/strong> evita que l\u00edquidos y manchas penetren, mientras su tejido de <strong data-start=\"199\" data-end=\"228\">microfibra 100% sint\u00e9tica<\/strong> act\u00faa como una barrera contra polvo y suciedad, prolongando la vida \u00fatil de tu colch\u00f3n. Adem\u00e1s, sus <strong data-start=\"329\" data-end=\"368\">fibras anti\u00e1caros e hipoalerg\u00e9nicas<\/strong> ayudan a mantener un entorno m\u00e1s limpio y saludable para dormir, brind\u00e1ndote mayor tranquilidad y un descanso m\u00e1s higi\u00e9nico cada noche.<\/p>\n<\/div>\n<\/div>\n<\/div>\n<\/div>\n<\/div>\n<\/div>\n<\/article>\n","protected":false},"featured_media":331,"comment_status":"open","ping_status":"closed","template":"","meta":[],"product_brand":[],"product_cat":[40],"product_tag":[],"class_list":{"0":"post-319","1":"product","2":"type-product","3":"status-publish","4":"has-post-thumbnail","6":"product_cat-accesorios","8":"first","9":"instock","10":"shipping-taxable","11":"purchasable","12":"product-type-variable","13":"has-default-attributes"},"_links":{"self":[{"href":"https:\/\/camastherapedic.com\/nc\/wp-json\/wp\/v2\/product\/319","targetHints":{"allow":["GET"]}}],"collection":[{"href":"https:\/\/camastherapedic.com\/nc\/wp-json\/wp\/v2\/product"}],"about":[{"href":"https:\/\/camastherapedic.com\/nc\/wp-json\/wp\/v2\/types\/product"}],"replies":[{"embeddable":true,"href":"https:\/\/camastherapedic.com\/nc\/wp-json\/wp\/v2\/comments?post=319"}],"wp:featuredmedia":[{"embeddable":true,"href":"https:\/\/camastherapedic.com\/nc\/wp-json\/wp\/v2\/media\/331"}],"wp:attachment":[{"href":"https:\/\/camastherapedic.com\/nc\/wp-json\/wp\/v2\/media?parent=319"}],"wp:term":[{"taxonomy":"product_brand","embeddable":true,"href":"https:\/\/camastherapedic.com\/nc\/wp-json\/wp\/v2\/product_brand?post=319"},{"taxonomy":"product_cat","embeddable":true,"href":"https:\/\/camastherapedic.com\/nc\/wp-json\/wp\/v2\/product_cat?post=319"},{"taxonomy":"product_tag","embeddable":true,"href":"https:\/\/camastherapedic.com\/nc\/wp-json\/wp\/v2\/product_tag?post=319"}],"curies":[{"name":"wp","href":"https:\/\/api.w.org\/{rel}","templated":true}]}}