{"id":330,"date":"2026-03-10T22:57:42","date_gmt":"2026-03-10T22:57:42","guid":{"rendered":"https:\/\/camastherapedic.com\/nc\/?post_type=product&#038;p=330"},"modified":"2026-03-13T23:12:29","modified_gmt":"2026-03-13T23:12:29","slug":"juego-de-sabanas-blancas","status":"publish","type":"product","link":"https:\/\/camastherapedic.com\/nc\/producto\/juego-de-sabanas-blancas\/","title":{"rendered":"Juego de S\u00e1banas Blancas"},"content":{"rendered":"","protected":false},"excerpt":{"rendered":"<p>Disfruta una sensaci\u00f3n superior de descanso gracias a su dise\u00f1o pensado para brindar <strong data-start=\"85\" data-end=\"117\">confort, suavidad y frescura<\/strong> en cada uso. Su composici\u00f3n de <strong data-start=\"149\" data-end=\"181\">microfibra 100% de 75 gramos<\/strong> ofrece una superficie ligera y c\u00f3moda, mientras su <strong data-start=\"233\" data-end=\"263\">tejido suave y confortable<\/strong> cuida tu piel y mejora la experiencia al dormir. Adem\u00e1s, su estructura permite una adecuada <strong data-start=\"356\" data-end=\"379\">circulaci\u00f3n de aire<\/strong>, ayudando a mantener una sensaci\u00f3n fresca durante la noche y proporcionando mayor comodidad y resistencia para el uso diario.<\/p>\n","protected":false},"featured_media":337,"comment_status":"open","ping_status":"closed","template":"","meta":[],"product_brand":[],"product_cat":[40],"product_tag":[],"class_list":{"0":"post-330","1":"product","2":"type-product","3":"status-publish","4":"has-post-thumbnail","6":"product_cat-accesorios","8":"first","9":"instock","10":"shipping-taxable","11":"purchasable","12":"product-type-variable","13":"has-default-attributes"},"_links":{"self":[{"href":"https:\/\/camastherapedic.com\/nc\/wp-json\/wp\/v2\/product\/330","targetHints":{"allow":["GET"]}}],"collection":[{"href":"https:\/\/camastherapedic.com\/nc\/wp-json\/wp\/v2\/product"}],"about":[{"href":"https:\/\/camastherapedic.com\/nc\/wp-json\/wp\/v2\/types\/product"}],"replies":[{"embeddable":true,"href":"https:\/\/camastherapedic.com\/nc\/wp-json\/wp\/v2\/comments?post=330"}],"wp:featuredmedia":[{"embeddable":true,"href":"https:\/\/camastherapedic.com\/nc\/wp-json\/wp\/v2\/media\/337"}],"wp:attachment":[{"href":"https:\/\/camastherapedic.com\/nc\/wp-json\/wp\/v2\/media?parent=330"}],"wp:term":[{"taxonomy":"product_brand","embeddable":true,"href":"https:\/\/camastherapedic.com\/nc\/wp-json\/wp\/v2\/product_brand?post=330"},{"taxonomy":"product_cat","embeddable":true,"href":"https:\/\/camastherapedic.com\/nc\/wp-json\/wp\/v2\/product_cat?post=330"},{"taxonomy":"product_tag","embeddable":true,"href":"https:\/\/camastherapedic.com\/nc\/wp-json\/wp\/v2\/product_tag?post=330"}],"curies":[{"name":"wp","href":"https:\/\/api.w.org\/{rel}","templated":true}]}}